{"id":875,"date":"2020-11-15T16:27:45","date_gmt":"2020-11-15T14:27:45","guid":{"rendered":"http:\/\/urresto.cluster030.hosting.ovh.net\/la-maison\/"},"modified":"2020-11-16T19:36:19","modified_gmt":"2020-11-16T17:36:19","slug":"la-maison","status":"publish","type":"page","link":"https:\/\/www.urresti.net\/fr\/la-maison\/","title":{"rendered":"La maison"},"content":{"rendered":"\t\t<div data-elementor-type=\"wp-page\" data-elementor-id=\"875\" class=\"elementor elementor-875 elementor-10\" data-elementor-settings=\"[]\">\n\t\t\t\t\t\t<div class=\"elementor-inner\">\n\t\t\t\t\t\t\t<div class=\"elementor-section-wrap\">\n\t\t\t\t\t\t\t<section class=\"elementor-section elementor-top-section elementor-element elementor-element-4b37dd2 elementor-section-boxed elementor-section-height-default elementor-section-height-default\" data-id=\"4b37dd2\" data-element_type=\"section\">\n\t\t\t\t\t\t<div class=\"elementor-container elementor-column-gap-default\">\n\t\t\t\t\t\t\t<div class=\"elementor-row\">\n\t\t\t\t\t<div class=\"elementor-column elementor-col-100 elementor-top-column elementor-element elementor-element-66de6830\" data-id=\"66de6830\" data-element_type=\"column\">\n\t\t\t<div class=\"elementor-column-wrap elementor-element-populated\">\n\t\t\t\t\t\t\t<div class=\"elementor-widget-wrap\">\n\t\t\t\t\t\t<div class=\"elementor-element elementor-element-b4e7580 elementor-widget elementor-widget-text-editor\" data-id=\"b4e7580\" data-element_type=\"widget\" data-widget_type=\"text-editor.default\">\n\t\t\t\t<div class=\"elementor-widget-container\">\n\t\t\t\t\t<div class=\"elementor-text-editor elementor-clearfix\"><p>Urresti dispose de 6 chambres doubles avec salle de bains, un salon avec une chemin\u00e9e, \u00e0 l&#8217;ext\u00e9rieur une cuisine enti\u00e8rement \u00e9quip\u00e9e \/ txoko et un barbecue couvert.<\/p>\n<p>La maison peut \u00eatre lou\u00e9e par chambres ou compl\u00e8te.<\/p>\n<p>Nous disposons \u00e9galement de 2 beaux appartements ind\u00e9pendants.<\/p>\n<p>Si vous voulez profiter d&#8217;un v\u00e9ritable Agrotourisme, venez chez nous.<\/p>\n<p>Parce que? Vous trouverez un magnifique exemple de ferme basque, situ\u00e9e dans un environnement champ\u00eatre, entour\u00e9 d&#8217;arbres, d&#8217;animaux et d&#8217;un jardin bio. De plus, vous pouvez collaborer avec nous dans les t\u00e2ches agricoles et acheter nos produits.<\/p>\n<p>Nous sommes dans les montagnes, mais tr\u00e8s pr\u00e8s de la mer. 4 km. se trouve Laga Beach.<\/p>\n<p>Si vous le souhaitez, vous b\u00e9n\u00e9ficierez d&#8217;un traitement proche et familier. Vous pouvez profiter de nos petits d\u00e9jeuners et prendre vos forces pour visiter les magnifiques environs de la r\u00e9serve de biosph\u00e8re d&#8217;Urdaibai.<\/p>\n<h2>Prestations de service<\/h2>\n<p>Nous vous proposons un salon avec chemin\u00e9e, TV, un ordinateur, une connexion Wi-Fi gratuite, une petite biblioth\u00e8que et des jeux de soci\u00e9t\u00e9.<\/p>\n<p>\u00c0 l&#8217;ext\u00e9rieur de la maison, nous avons une cuisine \/ txoko enti\u00e8rement \u00e9quip\u00e9e &#8230;<\/p>\n<p>Autour de la maison nous avons un espace vert, barbecue, table de ping-pong et une petite ferme avec animaux, moutons, poules, lapins, \u00e9meus &#8230; Vous trouverez plus d&#8217;informations sur la page des activit\u00e9s.<\/p>\n<\/div>\n\t\t\t\t<\/div>\n\t\t\t\t<\/div>\n\t\t\t\t<div class=\"elementor-element elementor-element-3be0865 elementor-align-center elementor-widget__width-auto elementor-widget elementor-widget-button\" data-id=\"3be0865\" data-element_type=\"widget\" data-widget_type=\"button.default\">\n\t\t\t\t<div class=\"elementor-widget-container\">\n\t\t\t\t\t<div class=\"elementor-button-wrapper\">\n\t\t\t<a href=\"https:\/\/www.urresti.net\/fr\/pieces\/\" class=\"elementor-button-link elementor-button elementor-size-sm\" role=\"button\">\n\t\t\t\t\t\t<span class=\"elementor-button-content-wrapper\">\n\t\t\t\t\t\t<span class=\"elementor-button-icon elementor-align-icon-left\">\n\t\t\t\t<i aria-hidden=\"true\" class=\"fas fa-bed\"><\/i>\t\t\t<\/span>\n\t\t\t\t\t\t<span class=\"elementor-button-text\">Pi\u00e8ces<\/span>\n\t\t<\/span>\n\t\t\t\t\t<\/a>\n\t\t<\/div>\n\t\t\t\t<\/div>\n\t\t\t\t<\/div>\n\t\t\t\t<div class=\"elementor-element elementor-element-420d9d4 elementor-align-center elementor-widget__width-auto elementor-widget elementor-widget-button\" data-id=\"420d9d4\" data-element_type=\"widget\" data-widget_type=\"button.default\">\n\t\t\t\t<div class=\"elementor-widget-container\">\n\t\t\t\t\t<div class=\"elementor-button-wrapper\">\n\t\t\t<a href=\"https:\/\/www.urresti.net\/fr\/appartements\/\" class=\"elementor-button-link elementor-button elementor-size-sm\" role=\"button\">\n\t\t\t\t\t\t<span class=\"elementor-button-content-wrapper\">\n\t\t\t\t\t\t<span class=\"elementor-button-icon elementor-align-icon-left\">\n\t\t\t\t<i aria-hidden=\"true\" class=\"fas fa-home\"><\/i>\t\t\t<\/span>\n\t\t\t\t\t\t<span class=\"elementor-button-text\">Appartements<\/span>\n\t\t<\/span>\n\t\t\t\t\t<\/a>\n\t\t<\/div>\n\t\t\t\t<\/div>\n\t\t\t\t<\/div>\n\t\t\t\t<div class=\"elementor-element elementor-element-e13b73b elementor-widget elementor-widget-heading\" data-id=\"e13b73b\" data-element_type=\"widget\" data-widget_type=\"heading.default\">\n\t\t\t\t<div class=\"elementor-widget-container\">\n\t\t\t<h2 class=\"elementor-heading-title elementor-size-default\">Apprenez \u00e0 nous conna\u00eetre de plus pr\u00e8s<\/h2>\t\t<\/div>\n\t\t\t\t<\/div>\n\t\t\t\t<div class=\"elementor-element elementor-element-3168bec elementor-widget elementor-widget-gallery\" data-id=\"3168bec\" data-element_type=\"widget\" data-settings=\"{&quot;columns&quot;:3,&quot;lazyload&quot;:&quot;yes&quot;,&quot;gallery_layout&quot;:&quot;grid&quot;,&quot;columns_tablet&quot;:2,&quot;columns_mobile&quot;:1,&quot;gap&quot;:{&quot;unit&quot;:&quot;px&quot;,&quot;size&quot;:10,&quot;sizes&quot;:[]},&quot;gap_tablet&quot;:{&quot;unit&quot;:&quot;px&quot;,&quot;size&quot;:10,&quot;sizes&quot;:[]},&quot;gap_mobile&quot;:{&quot;unit&quot;:&quot;px&quot;,&quot;size&quot;:10,&quot;sizes&quot;:[]},&quot;link_to&quot;:&quot;file&quot;,&quot;aspect_ratio&quot;:&quot;3:2&quot;,&quot;overlay_background&quot;:&quot;yes&quot;,&quot;content_hover_animation&quot;:&quot;fade-in&quot;}\" data-widget_type=\"gallery.default\">\n\t\t\t\t<div class=\"elementor-widget-container\">\n\t\t\t\t\t<div class=\"elementor-gallery__container\">\n\t\t\t\t\t\t\t<a class=\"e-gallery-item elementor-gallery-item elementor-animated-content\" href=\"https:\/\/www.urresti.net\/wp-content\/uploads\/2020\/10\/urresti-flores.jpeg\" data-elementor-open-lightbox=\"yes\" data-elementor-lightbox-slideshow=\"all-3168bec\" data-elementor-lightbox-title=\"Urresti Agroturismo en Oto\u00f1o\">\n\t\t\t\t\t<div class=\"e-gallery-image elementor-gallery-item__image\" data-thumbnail=\"https:\/\/www.urresti.net\/wp-content\/uploads\/2020\/10\/urresti-flores-768x518.jpeg\" data-width=\"768\" data-height=\"518\" alt=\"Urresti Agroturismo en Oto\u00f1o\" ><\/div>\n\t\t\t\t\t\t\t\t\t\t<div class=\"elementor-gallery-item__overlay\"><\/div>\n\t\t\t\t\t\t\t\t\t\t\t\t\t\t<\/a>\n\t\t\t\t\t\t\t<a class=\"e-gallery-item elementor-gallery-item elementor-animated-content\" href=\"https:\/\/www.urresti.net\/wp-content\/uploads\/2020\/10\/urresti-entrada.jpeg\" data-elementor-open-lightbox=\"yes\" data-elementor-lightbox-slideshow=\"all-3168bec\" data-elementor-lightbox-title=\"Urresti - La casa y Txoko\">\n\t\t\t\t\t<div class=\"e-gallery-image elementor-gallery-item__image\" data-thumbnail=\"https:\/\/www.urresti.net\/wp-content\/uploads\/2020\/10\/urresti-entrada-768x436.jpeg\" data-width=\"768\" data-height=\"436\" alt=\"Urresti - La casa y Txoko\" ><\/div>\n\t\t\t\t\t\t\t\t\t\t<div class=\"elementor-gallery-item__overlay\"><\/div>\n\t\t\t\t\t\t\t\t\t\t\t\t\t\t<\/a>\n\t\t\t\t\t\t\t<a class=\"e-gallery-item elementor-gallery-item elementor-animated-content\" href=\"https:\/\/www.urresti.net\/wp-content\/uploads\/2020\/10\/maceta.jpeg\" data-elementor-open-lightbox=\"yes\" data-elementor-lightbox-slideshow=\"all-3168bec\">\n\t\t\t\t\t<div class=\"e-gallery-image elementor-gallery-item__image\" data-thumbnail=\"https:\/\/www.urresti.net\/wp-content\/uploads\/2020\/10\/maceta-768x576.jpeg\" data-width=\"768\" data-height=\"576\" alt=\"\" ><\/div>\n\t\t\t\t\t\t\t\t\t\t<div class=\"elementor-gallery-item__overlay\"><\/div>\n\t\t\t\t\t\t\t\t\t\t\t\t\t\t<\/a>\n\t\t\t\t\t\t\t<a class=\"e-gallery-item elementor-gallery-item elementor-animated-content\" href=\"https:\/\/www.urresti.net\/wp-content\/uploads\/2020\/10\/Cocina.jpg\" data-elementor-open-lightbox=\"yes\" data-elementor-lightbox-slideshow=\"all-3168bec\" data-elementor-lightbox-title=\"Txoko\">\n\t\t\t\t\t<div class=\"e-gallery-image elementor-gallery-item__image\" data-thumbnail=\"https:\/\/www.urresti.net\/wp-content\/uploads\/2020\/10\/Cocina-768x432.jpg\" data-width=\"768\" data-height=\"432\" alt=\"Txoko\" ><\/div>\n\t\t\t\t\t\t\t\t\t\t<div class=\"elementor-gallery-item__overlay\"><\/div>\n\t\t\t\t\t\t\t\t\t\t\t\t\t\t<\/a>\n\t\t\t\t\t\t\t<a class=\"e-gallery-item elementor-gallery-item elementor-animated-content\" href=\"https:\/\/www.urresti.net\/wp-content\/uploads\/2020\/10\/Txoko-coina.jpg\" data-elementor-open-lightbox=\"yes\" data-elementor-lightbox-slideshow=\"all-3168bec\" data-elementor-lightbox-title=\"Txoko - Cocina\">\n\t\t\t\t\t<div class=\"e-gallery-image elementor-gallery-item__image\" data-thumbnail=\"https:\/\/www.urresti.net\/wp-content\/uploads\/2020\/10\/Txoko-coina-768x439.jpg\" data-width=\"768\" data-height=\"439\" alt=\"Txoko - Cocina\" ><\/div>\n\t\t\t\t\t\t\t\t\t\t<div class=\"elementor-gallery-item__overlay\"><\/div>\n\t\t\t\t\t\t\t\t\t\t\t\t\t\t<\/a>\n\t\t\t\t\t\t\t<a class=\"e-gallery-item elementor-gallery-item elementor-animated-content\" href=\"https:\/\/www.urresti.net\/wp-content\/uploads\/2020\/10\/habitacion-1.jpeg\" data-elementor-open-lightbox=\"yes\" data-elementor-lightbox-slideshow=\"all-3168bec\" data-elementor-lightbox-title=\"Habitaci\u00f3n Urresti\">\n\t\t\t\t\t<div class=\"e-gallery-image elementor-gallery-item__image\" data-thumbnail=\"https:\/\/www.urresti.net\/wp-content\/uploads\/2020\/10\/habitacion-1-768x463.jpeg\" data-width=\"768\" data-height=\"463\" alt=\"Habitaci\u00f3n Urresti\" ><\/div>\n\t\t\t\t\t\t\t\t\t\t<div class=\"elementor-gallery-item__overlay\"><\/div>\n\t\t\t\t\t\t\t\t\t\t\t\t\t\t<\/a>\n\t\t\t\t\t\t\t<a class=\"e-gallery-item elementor-gallery-item elementor-animated-content\" href=\"https:\/\/www.urresti.net\/wp-content\/uploads\/2020\/10\/habitacion-triple-1.jpeg\" data-elementor-open-lightbox=\"yes\" data-elementor-lightbox-slideshow=\"all-3168bec\">\n\t\t\t\t\t<div class=\"e-gallery-image elementor-gallery-item__image\" data-thumbnail=\"https:\/\/www.urresti.net\/wp-content\/uploads\/2020\/10\/habitacion-triple-1-768x454.jpeg\" data-width=\"768\" data-height=\"454\" alt=\"\" ><\/div>\n\t\t\t\t\t\t\t\t\t\t<div class=\"elementor-gallery-item__overlay\"><\/div>\n\t\t\t\t\t\t\t\t\t\t\t\t\t\t<\/a>\n\t\t\t\t\t\t\t<a class=\"e-gallery-item elementor-gallery-item elementor-animated-content\" href=\"https:\/\/www.urresti.net\/wp-content\/uploads\/2020\/10\/ban\u0303o-urresti.jpeg\" data-elementor-open-lightbox=\"yes\" data-elementor-lightbox-slideshow=\"all-3168bec\">\n\t\t\t\t\t<div class=\"e-gallery-image elementor-gallery-item__image\" data-thumbnail=\"https:\/\/www.urresti.net\/wp-content\/uploads\/2020\/10\/ban\u0303o-urresti-768x480.jpeg\" data-width=\"768\" data-height=\"480\" alt=\"\" ><\/div>\n\t\t\t\t\t\t\t\t\t\t<div class=\"elementor-gallery-item__overlay\"><\/div>\n\t\t\t\t\t\t\t\t\t\t\t\t\t\t<\/a>\n\t\t\t\t\t\t\t<a class=\"e-gallery-item elementor-gallery-item elementor-animated-content\" href=\"https:\/\/www.urresti.net\/wp-content\/uploads\/2020\/10\/gallinas.jpeg\" data-elementor-open-lightbox=\"yes\" data-elementor-lightbox-slideshow=\"all-3168bec\">\n\t\t\t\t\t<div class=\"e-gallery-image elementor-gallery-item__image\" data-thumbnail=\"https:\/\/www.urresti.net\/wp-content\/uploads\/2020\/10\/gallinas-768x576.jpeg\" data-width=\"768\" data-height=\"576\" alt=\"\" ><\/div>\n\t\t\t\t\t\t\t\t\t\t<div class=\"elementor-gallery-item__overlay\"><\/div>\n\t\t\t\t\t\t\t\t\t\t\t\t\t\t<\/a>\n\t\t\t\t\t\t\t<a class=\"e-gallery-item elementor-gallery-item elementor-animated-content\" href=\"https:\/\/www.urresti.net\/wp-content\/uploads\/2020\/10\/conejos.jpeg\" data-elementor-open-lightbox=\"yes\" data-elementor-lightbox-slideshow=\"all-3168bec\">\n\t\t\t\t\t<div class=\"e-gallery-image elementor-gallery-item__image\" data-thumbnail=\"https:\/\/www.urresti.net\/wp-content\/uploads\/2020\/10\/conejos-768x576.jpeg\" data-width=\"768\" data-height=\"576\" alt=\"\" ><\/div>\n\t\t\t\t\t\t\t\t\t\t<div class=\"elementor-gallery-item__overlay\"><\/div>\n\t\t\t\t\t\t\t\t\t\t\t\t\t\t<\/a>\n\t\t\t\t\t\t\t<a class=\"e-gallery-item elementor-gallery-item elementor-animated-content\" href=\"https:\/\/www.urresti.net\/wp-content\/uploads\/2020\/10\/huerto-1-1.jpeg\" data-elementor-open-lightbox=\"yes\" data-elementor-lightbox-slideshow=\"all-3168bec\" data-elementor-lightbox-title=\"Huerta ecol\u00f3gica\">\n\t\t\t\t\t<div class=\"e-gallery-image elementor-gallery-item__image\" data-thumbnail=\"https:\/\/www.urresti.net\/wp-content\/uploads\/2020\/10\/huerto-1-1-768x576.jpeg\" data-width=\"768\" data-height=\"576\" alt=\"Huerta ecol\u00f3gica\" ><\/div>\n\t\t\t\t\t\t\t\t\t\t<div class=\"elementor-gallery-item__overlay\"><\/div>\n\t\t\t\t\t\t\t\t\t\t\t\t\t\t<\/a>\n\t\t\t\t\t\t\t<a class=\"e-gallery-item elementor-gallery-item elementor-animated-content\" href=\"https:\/\/www.urresti.net\/wp-content\/uploads\/2020\/10\/Surf-Ola-Urresti-1-scaled.jpg\" data-elementor-open-lightbox=\"yes\" data-elementor-lightbox-slideshow=\"all-3168bec\" data-elementor-lightbox-title=\"Surf\">\n\t\t\t\t\t<div class=\"e-gallery-image elementor-gallery-item__image\" data-thumbnail=\"https:\/\/www.urresti.net\/wp-content\/uploads\/2020\/10\/Surf-Ola-Urresti-1-768x512.jpg\" data-width=\"768\" data-height=\"512\" alt=\"Surf\" ><\/div>\n\t\t\t\t\t\t\t\t\t\t<div class=\"elementor-gallery-item__overlay\"><\/div>\n\t\t\t\t\t\t\t\t\t\t\t\t\t\t<\/a>\n\t\t\t\t\t<\/div>\n\t\t\t<\/div>\n\t\t\t\t<\/div>\n\t\t\t\t\t\t<\/div>\n\t\t\t\t\t<\/div>\n\t\t<\/div>\n\t\t\t\t\t\t\t\t<\/div>\n\t\t\t\t\t<\/div>\n\t\t<\/section>\n\t\t\t\t\t\t<\/div>\n\t\t\t\t\t\t<\/div>\n\t\t\t\t\t<\/div>\n\t\t","protected":false},"excerpt":{"rendered":"<p>Urresti dispose de 6 chambres doubles avec salle de bains, un salon avec une chemin\u00e9e, \u00e0 l&#8217;ext\u00e9rieur une cuisine enti\u00e8rement \u00e9quip\u00e9e \/ txoko et un barbecue couvert. La maison peut \u00eatre lou\u00e9e par chambres ou compl\u00e8te. Nous disposons \u00e9galement de 2 beaux appartements ind\u00e9pendants. Si vous voulez profiter d&#8217;un v\u00e9ritable Agrotourisme, venez chez nous. Parce &#8230; <a title=\"La maison\" class=\"read-more\" href=\"https:\/\/www.urresti.net\/fr\/la-maison\/\">Lire la suite <span class=\"screen-reader-text\">La maison<\/span><\/a><\/p>\n","protected":false},"author":1,"featured_media":1246,"parent":0,"menu_order":0,"comment_status":"closed","ping_status":"closed","template":"","meta":[],"yoast_head":"<!-- This site is optimized with the Yoast SEO plugin v15.2.1 - https:\/\/yoast.com\/wordpress\/plugins\/seo\/ -->\n<title>La maison - Urresti<\/title>\n<meta name=\"robots\" content=\"index, follow, max-snippet:-1, max-image-preview:large, max-video-preview:-1\" \/>\n<link rel=\"canonical\" href=\"https:\/\/www.urresti.net\/fr\/la-maison\/\" \/>\n<meta property=\"og:locale\" content=\"fr_FR\" \/>\n<meta property=\"og:type\" content=\"article\" \/>\n<meta property=\"og:title\" content=\"La maison - Urresti\" \/>\n<meta property=\"og:description\" content=\"Urresti dispose de 6 chambres doubles avec salle de bains, un salon avec une chemin\u00e9e, \u00e0 l&#8217;ext\u00e9rieur une cuisine enti\u00e8rement \u00e9quip\u00e9e \/ txoko et un barbecue couvert. La maison peut \u00eatre lou\u00e9e par chambres ou compl\u00e8te. Nous disposons \u00e9galement de 2 beaux appartements ind\u00e9pendants. Si vous voulez profiter d&#8217;un v\u00e9ritable Agrotourisme, venez chez nous. Parce ... Lire la suite La maison\" \/>\n<meta property=\"og:url\" content=\"https:\/\/www.urresti.net\/fr\/la-maison\/\" \/>\n<meta property=\"og:site_name\" content=\"Urresti\" \/>\n<meta property=\"article:modified_time\" content=\"2020-11-16T17:36:19+00:00\" \/>\n<meta property=\"og:image\" content=\"https:\/\/www.urresti.net\/wp-content\/uploads\/2020\/11\/Urresti-verde-1.jpeg\" \/>\n\t<meta property=\"og:image:width\" content=\"1400\" \/>\n\t<meta property=\"og:image:height\" content=\"788\" \/>\n<meta name=\"twitter:card\" content=\"summary_large_image\" \/>\n<meta name=\"twitter:label1\" content=\"\u00c9crit par\">\n\t<meta name=\"twitter:data1\" content=\"Marcos\">\n\t<meta name=\"twitter:label2\" content=\"Dur\u00e9e de lecture est.\">\n\t<meta name=\"twitter:data2\" content=\"1 minute\">\n<script type=\"application\/ld+json\" class=\"yoast-schema-graph\">{\"@context\":\"https:\/\/schema.org\",\"@graph\":[{\"@type\":\"WebSite\",\"@id\":\"https:\/\/www.urresti.net\/#website\",\"url\":\"https:\/\/www.urresti.net\/\",\"name\":\"Urresti\",\"description\":\"Casa Rural\",\"potentialAction\":[{\"@type\":\"SearchAction\",\"target\":\"https:\/\/www.urresti.net\/?s={search_term_string}\",\"query-input\":\"required name=search_term_string\"}],\"inLanguage\":\"fr-FR\"},{\"@type\":\"ImageObject\",\"@id\":\"https:\/\/www.urresti.net\/fr\/la-maison\/#primaryimage\",\"inLanguage\":\"fr-FR\",\"url\":\"https:\/\/www.urresti.net\/wp-content\/uploads\/2020\/11\/Urresti-verde-1.jpeg\",\"width\":1400,\"height\":788},{\"@type\":\"WebPage\",\"@id\":\"https:\/\/www.urresti.net\/fr\/la-maison\/#webpage\",\"url\":\"https:\/\/www.urresti.net\/fr\/la-maison\/\",\"name\":\"La maison - Urresti\",\"isPartOf\":{\"@id\":\"https:\/\/www.urresti.net\/#website\"},\"primaryImageOfPage\":{\"@id\":\"https:\/\/www.urresti.net\/fr\/la-maison\/#primaryimage\"},\"datePublished\":\"2020-11-15T14:27:45+00:00\",\"dateModified\":\"2020-11-16T17:36:19+00:00\",\"inLanguage\":\"fr-FR\",\"potentialAction\":[{\"@type\":\"ReadAction\",\"target\":[\"https:\/\/www.urresti.net\/fr\/la-maison\/\"]}]}]}<\/script>\n<!-- \/ Yoast SEO plugin. -->","_links":{"self":[{"href":"https:\/\/www.urresti.net\/fr\/wp-json\/wp\/v2\/pages\/875"}],"collection":[{"href":"https:\/\/www.urresti.net\/fr\/wp-json\/wp\/v2\/pages"}],"about":[{"href":"https:\/\/www.urresti.net\/fr\/wp-json\/wp\/v2\/types\/page"}],"author":[{"embeddable":true,"href":"https:\/\/www.urresti.net\/fr\/wp-json\/wp\/v2\/users\/1"}],"replies":[{"embeddable":true,"href":"https:\/\/www.urresti.net\/fr\/wp-json\/wp\/v2\/comments?post=875"}],"version-history":[{"count":2,"href":"https:\/\/www.urresti.net\/fr\/wp-json\/wp\/v2\/pages\/875\/revisions"}],"predecessor-version":[{"id":1251,"href":"https:\/\/www.urresti.net\/fr\/wp-json\/wp\/v2\/pages\/875\/revisions\/1251"}],"wp:featuredmedia":[{"embeddable":true,"href":"https:\/\/www.urresti.net\/fr\/wp-json\/wp\/v2\/media\/1246"}],"wp:attachment":[{"href":"https:\/\/www.urresti.net\/fr\/wp-json\/wp\/v2\/media?parent=875"}],"curies":[{"name":"wp","href":"https:\/\/api.w.org\/{rel}","templated":true}]}}