{"id":859,"date":"2020-11-15T16:17:38","date_gmt":"2020-11-15T14:17:38","guid":{"rendered":"http:\/\/urresto.cluster030.hosting.ovh.net\/politique-de-confidentialite\/"},"modified":"2020-11-15T16:17:38","modified_gmt":"2020-11-15T14:17:38","slug":"politique-de-confidentialite","status":"publish","type":"page","link":"https:\/\/www.urresti.net\/fr\/politique-de-confidentialite\/","title":{"rendered":"Politique de confidentialit\u00e9"},"content":{"rendered":"<p>L&#8217;Agroturismo Urresti prot\u00e8ge les donn\u00e9es personnelles conform\u00e9ment \u00e0 la loi organique 15\/1999 du 13 d\u00e9cembre sur la protection des donn\u00e9es personnelles et d&#8217;autres r\u00e9glementations de d\u00e9veloppement.<\/p>\n<p>Conform\u00e9ment \u00e0 la loi organique 15\/1999 du 13 d\u00e9cembre sur la protection des donn\u00e9es personnelles, nous vous informons que les donn\u00e9es personnelles que vous nous fournissez via le site www.urresti.net seront trait\u00e9es de mani\u00e8re confidentielle et passeront pour faire partie d&#8217;un fichier appartenant \u00e0 Agroturismo Urresti, avec adresse \u00e0 Barrio Basetxetas, 12 48314 Gautegiz Arteaga (Biscaye) qui a \u00e9t\u00e9 d\u00fbment enregistr\u00e9 aupr\u00e8s de l&#8217;Agence espagnole de protection des donn\u00e9es (www.agpd.es). Vos donn\u00e9es personnelles ne seront utilis\u00e9es que pour la fourniture du service propos\u00e9 via le portail, ainsi que pour l&#8217;envoi d&#8217;informations que l&#8217;utilisateur peut avoir demand\u00e9es et les futures communications de la maison qui peuvent l&#8217;int\u00e9resser.<\/p>\n<p>De m\u00eame, nous vous informons que vous pouvez exercer vos droits d&#8217;acc\u00e8s, de rectification, annulation et opposition conform\u00e9ment aux dispositions de la loi organique 15\/1999 du 13 d\u00e9cembre sur la protection des donn\u00e9es personnelles, en envoyant une lettre accompagn\u00e9e de la photocopie de votre pi\u00e8ce d&#8217;identit\u00e9, \u00e0 l&#8217;adresse suivante: Agroturismo Urrestiz, avec adresse \u00e0 Barrio Basetxetas, 12, 48314 Gautegiz Arteaga, Biscaye. Agroturismo Urresti ne vend pas, ne loue pas et ne met pas les donn\u00e9es personnelles que vous fournissez \u00e0 la disposition de tiers. L&#8217;utilisateur garantit que les donn\u00e9es personnelles fournies sont vraies et est responsable de la communication de toute modification de celles-ci. Dans le cas o\u00f9 l&#8217;utilisateur fournirait des donn\u00e9es personnelles se r\u00e9f\u00e9rant \u00e0 des tiers via les diff\u00e9rents formulaires sur www.urresti.net, l&#8217;utilisateur doit, avant leur inclusion, les informer des points contenus dans la pr\u00e9sente notice l\u00e9gale.<\/p>\n<p>L&#8217;utilisateur sera seul responsable de toute perte ou dommage, direct ou indirect, qui pourrait \u00eatre caus\u00e9 \u00e0 Agroturismo Urresti, ou \u00e0 tout tiers, en raison du remplissage des formulaires avec des informations fausses, inexactes, incompl\u00e8tes ou p\u00e9rim\u00e9es.<\/p>\n","protected":false},"excerpt":{"rendered":"<p>L&#8217;Agroturismo Urresti prot\u00e8ge les donn\u00e9es personnelles conform\u00e9ment \u00e0 la loi organique 15\/1999 du 13 d\u00e9cembre sur la protection des donn\u00e9es personnelles et d&#8217;autres r\u00e9glementations de d\u00e9veloppement. Conform\u00e9ment \u00e0 la loi organique 15\/1999 du 13 d\u00e9cembre sur la protection des donn\u00e9es personnelles, nous vous informons que les donn\u00e9es personnelles que vous nous fournissez via le site &#8230; <a title=\"Politique de confidentialit\u00e9\" class=\"read-more\" href=\"https:\/\/www.urresti.net\/fr\/politique-de-confidentialite\/\">Lire la suite <span class=\"screen-reader-text\">Politique de confidentialit\u00e9<\/span><\/a><\/p>\n","protected":false},"author":1,"featured_media":0,"parent":0,"menu_order":0,"comment_status":"closed","ping_status":"open","template":"","meta":[],"yoast_head":"<!-- This site is optimized with the Yoast SEO plugin v15.2.1 - https:\/\/yoast.com\/wordpress\/plugins\/seo\/ -->\n<title>Politique de confidentialit\u00e9 - Urresti<\/title>\n<meta name=\"robots\" content=\"index, follow, max-snippet:-1, max-image-preview:large, max-video-preview:-1\" \/>\n<link rel=\"canonical\" href=\"https:\/\/www.urresti.net\/fr\/politique-de-confidentialite\/\" \/>\n<meta property=\"og:locale\" content=\"fr_FR\" \/>\n<meta property=\"og:type\" content=\"article\" \/>\n<meta property=\"og:title\" content=\"Politique de confidentialit\u00e9 - Urresti\" \/>\n<meta property=\"og:description\" content=\"L&#8217;Agroturismo Urresti prot\u00e8ge les donn\u00e9es personnelles conform\u00e9ment \u00e0 la loi organique 15\/1999 du 13 d\u00e9cembre sur la protection des donn\u00e9es personnelles et d&#8217;autres r\u00e9glementations de d\u00e9veloppement. Conform\u00e9ment \u00e0 la loi organique 15\/1999 du 13 d\u00e9cembre sur la protection des donn\u00e9es personnelles, nous vous informons que les donn\u00e9es personnelles que vous nous fournissez via le site ... Lire la suite Politique de confidentialit\u00e9\" \/>\n<meta property=\"og:url\" content=\"https:\/\/www.urresti.net\/fr\/politique-de-confidentialite\/\" \/>\n<meta property=\"og:site_name\" content=\"Urresti\" \/>\n<meta name=\"twitter:card\" content=\"summary_large_image\" \/>\n<meta name=\"twitter:label1\" content=\"\u00c9crit par\">\n\t<meta name=\"twitter:data1\" content=\"Marcos\">\n\t<meta name=\"twitter:label2\" content=\"Dur\u00e9e de lecture est.\">\n\t<meta name=\"twitter:data2\" content=\"1 minute\">\n<script type=\"application\/ld+json\" class=\"yoast-schema-graph\">{\"@context\":\"https:\/\/schema.org\",\"@graph\":[{\"@type\":\"WebSite\",\"@id\":\"https:\/\/www.urresti.net\/#website\",\"url\":\"https:\/\/www.urresti.net\/\",\"name\":\"Urresti\",\"description\":\"Casa Rural\",\"potentialAction\":[{\"@type\":\"SearchAction\",\"target\":\"https:\/\/www.urresti.net\/?s={search_term_string}\",\"query-input\":\"required name=search_term_string\"}],\"inLanguage\":\"fr-FR\"},{\"@type\":\"WebPage\",\"@id\":\"https:\/\/www.urresti.net\/fr\/politique-de-confidentialite\/#webpage\",\"url\":\"https:\/\/www.urresti.net\/fr\/politique-de-confidentialite\/\",\"name\":\"Politique de confidentialit\\u00e9 - Urresti\",\"isPartOf\":{\"@id\":\"https:\/\/www.urresti.net\/#website\"},\"datePublished\":\"2020-11-15T14:17:38+00:00\",\"dateModified\":\"2020-11-15T14:17:38+00:00\",\"inLanguage\":\"fr-FR\",\"potentialAction\":[{\"@type\":\"ReadAction\",\"target\":[\"https:\/\/www.urresti.net\/fr\/politique-de-confidentialite\/\"]}]}]}<\/script>\n<!-- \/ Yoast SEO plugin. -->","_links":{"self":[{"href":"https:\/\/www.urresti.net\/fr\/wp-json\/wp\/v2\/pages\/859"}],"collection":[{"href":"https:\/\/www.urresti.net\/fr\/wp-json\/wp\/v2\/pages"}],"about":[{"href":"https:\/\/www.urresti.net\/fr\/wp-json\/wp\/v2\/types\/page"}],"author":[{"embeddable":true,"href":"https:\/\/www.urresti.net\/fr\/wp-json\/wp\/v2\/users\/1"}],"replies":[{"embeddable":true,"href":"https:\/\/www.urresti.net\/fr\/wp-json\/wp\/v2\/comments?post=859"}],"version-history":[{"count":0,"href":"https:\/\/www.urresti.net\/fr\/wp-json\/wp\/v2\/pages\/859\/revisions"}],"wp:attachment":[{"href":"https:\/\/www.urresti.net\/fr\/wp-json\/wp\/v2\/media?parent=859"}],"curies":[{"name":"wp","href":"https:\/\/api.w.org\/{rel}","templated":true}]}}