{"id":796,"date":"2020-11-15T14:38:54","date_gmt":"2020-11-15T12:38:54","guid":{"rendered":"http:\/\/urresto.cluster030.hosting.ovh.net\/pieces\/"},"modified":"2020-11-16T19:40:41","modified_gmt":"2020-11-16T17:40:41","slug":"pieces","status":"publish","type":"page","link":"https:\/\/www.urresti.net\/fr\/pieces\/","title":{"rendered":"Pi\u00e8ces"},"content":{"rendered":"\t\t<div data-elementor-type=\"wp-page\" data-elementor-id=\"796\" class=\"elementor elementor-796 elementor-11\" data-elementor-settings=\"[]\">\n\t\t\t\t\t\t<div class=\"elementor-inner\">\n\t\t\t\t\t\t\t<div class=\"elementor-section-wrap\">\n\t\t\t\t\t\t\t<section class=\"elementor-section elementor-top-section elementor-element elementor-element-472ff490 elementor-section-boxed elementor-section-height-default elementor-section-height-default\" data-id=\"472ff490\" data-element_type=\"section\">\n\t\t\t\t\t\t<div class=\"elementor-container elementor-column-gap-default\">\n\t\t\t\t\t\t\t<div class=\"elementor-row\">\n\t\t\t\t\t<div class=\"elementor-column elementor-col-100 elementor-top-column elementor-element elementor-element-7b829404\" data-id=\"7b829404\" data-element_type=\"column\">\n\t\t\t<div class=\"elementor-column-wrap elementor-element-populated\">\n\t\t\t\t\t\t\t<div class=\"elementor-widget-wrap\">\n\t\t\t\t\t\t<div class=\"elementor-element elementor-element-64f59f40 elementor-widget elementor-widget-text-editor\" data-id=\"64f59f40\" data-element_type=\"widget\" data-widget_type=\"text-editor.default\">\n\t\t\t\t<div class=\"elementor-widget-container\">\n\t\t\t\t\t<div class=\"elementor-text-editor elementor-clearfix\"><p>Urresti dispose de 6 chambres, elles sont \u00e9quip\u00e9es d&#8217;un lit double de 1,50, toutes avec salle de bain \u00e0 l&#8217;int\u00e9rieur, s\u00e8che-cheveux, TV et Wi-Fi gratuit. Dans deux d&#8217;entre eux, vous pouvez mettre un lit d&#8217;appoint.<\/p>\n<p>Toutes les chambres sont diff\u00e9rentes, chacune avec son propre charme.<\/p>\n<\/div>\n\t\t\t\t<\/div>\n\t\t\t\t<\/div>\n\t\t\t\t<div class=\"elementor-element elementor-element-612e36d elementor-widget elementor-widget-gallery\" data-id=\"612e36d\" data-element_type=\"widget\" data-settings=\"{&quot;columns&quot;:3,&quot;gap&quot;:{&quot;unit&quot;:&quot;px&quot;,&quot;size&quot;:32,&quot;sizes&quot;:[]},&quot;lazyload&quot;:&quot;yes&quot;,&quot;gallery_layout&quot;:&quot;grid&quot;,&quot;columns_tablet&quot;:2,&quot;columns_mobile&quot;:1,&quot;gap_tablet&quot;:{&quot;unit&quot;:&quot;px&quot;,&quot;size&quot;:10,&quot;sizes&quot;:[]},&quot;gap_mobile&quot;:{&quot;unit&quot;:&quot;px&quot;,&quot;size&quot;:10,&quot;sizes&quot;:[]},&quot;link_to&quot;:&quot;file&quot;,&quot;aspect_ratio&quot;:&quot;3:2&quot;,&quot;overlay_background&quot;:&quot;yes&quot;,&quot;content_hover_animation&quot;:&quot;fade-in&quot;}\" data-widget_type=\"gallery.default\">\n\t\t\t\t<div class=\"elementor-widget-container\">\n\t\t\t\t\t<div class=\"elementor-gallery__container\">\n\t\t\t\t\t\t\t<a class=\"e-gallery-item elementor-gallery-item elementor-animated-content\" href=\"https:\/\/www.urresti.net\/wp-content\/uploads\/2020\/10\/habitacion-4-rotated.jpeg\" data-elementor-open-lightbox=\"yes\" data-elementor-lightbox-slideshow=\"all-612e36d\" data-elementor-lightbox-title=\"habitacion 4\">\n\t\t\t\t\t<div class=\"e-gallery-image elementor-gallery-item__image\" data-thumbnail=\"https:\/\/www.urresti.net\/wp-content\/uploads\/2020\/10\/habitacion-4-768x432.jpeg\" data-width=\"768\" data-height=\"432\" alt=\"habitacion\" ><\/div>\n\t\t\t\t\t\t\t\t\t\t<div class=\"elementor-gallery-item__overlay\"><\/div>\n\t\t\t\t\t\t\t\t\t\t\t\t\t\t<\/a>\n\t\t\t\t\t\t\t<a class=\"e-gallery-item elementor-gallery-item elementor-animated-content\" href=\"https:\/\/www.urresti.net\/wp-content\/uploads\/2020\/10\/habitacion-triple-rotated.jpeg\" data-elementor-open-lightbox=\"yes\" data-elementor-lightbox-slideshow=\"all-612e36d\" data-elementor-lightbox-title=\"habitacion triple\">\n\t\t\t\t\t<div class=\"e-gallery-image elementor-gallery-item__image\" data-thumbnail=\"https:\/\/www.urresti.net\/wp-content\/uploads\/2020\/10\/habitacion-triple-768x454.jpeg\" data-width=\"768\" data-height=\"454\" alt=\"habitacion\" ><\/div>\n\t\t\t\t\t\t\t\t\t\t<div class=\"elementor-gallery-item__overlay\"><\/div>\n\t\t\t\t\t\t\t\t\t\t\t\t\t\t<\/a>\n\t\t\t\t\t\t\t<a class=\"e-gallery-item elementor-gallery-item elementor-animated-content\" href=\"https:\/\/www.urresti.net\/wp-content\/uploads\/2020\/10\/habitacion-3-rotated.jpeg\" data-elementor-open-lightbox=\"yes\" data-elementor-lightbox-slideshow=\"all-612e36d\" data-elementor-lightbox-title=\"habitacion 3\">\n\t\t\t\t\t<div class=\"e-gallery-image elementor-gallery-item__image\" data-thumbnail=\"https:\/\/www.urresti.net\/wp-content\/uploads\/2020\/10\/habitacion-3-768x465.jpeg\" data-width=\"768\" data-height=\"465\" alt=\"habitacion\" ><\/div>\n\t\t\t\t\t\t\t\t\t\t<div class=\"elementor-gallery-item__overlay\"><\/div>\n\t\t\t\t\t\t\t\t\t\t\t\t\t\t<\/a>\n\t\t\t\t\t\t\t<a class=\"e-gallery-item elementor-gallery-item elementor-animated-content\" href=\"https:\/\/www.urresti.net\/wp-content\/uploads\/2020\/10\/habitacion-rotated.jpeg\" data-elementor-open-lightbox=\"yes\" data-elementor-lightbox-slideshow=\"all-612e36d\" data-elementor-lightbox-title=\"habitacion\">\n\t\t\t\t\t<div class=\"e-gallery-image elementor-gallery-item__image\" data-thumbnail=\"https:\/\/www.urresti.net\/wp-content\/uploads\/2020\/10\/habitacion-768x463.jpeg\" data-width=\"768\" data-height=\"463\" alt=\"habitacion\" ><\/div>\n\t\t\t\t\t\t\t\t\t\t<div class=\"elementor-gallery-item__overlay\"><\/div>\n\t\t\t\t\t\t\t\t\t\t\t\t\t\t<\/a>\n\t\t\t\t\t\t\t<a class=\"e-gallery-item elementor-gallery-item elementor-animated-content\" href=\"https:\/\/www.urresti.net\/wp-content\/uploads\/2020\/10\/habitacion-5-rotated.jpeg\" data-elementor-open-lightbox=\"yes\" data-elementor-lightbox-slideshow=\"all-612e36d\" data-elementor-lightbox-title=\"habitacion 5\">\n\t\t\t\t\t<div class=\"e-gallery-image elementor-gallery-item__image\" data-thumbnail=\"https:\/\/www.urresti.net\/wp-content\/uploads\/2020\/10\/habitacion-5-768x431.jpeg\" data-width=\"768\" data-height=\"431\" alt=\"habitacion\" ><\/div>\n\t\t\t\t\t\t\t\t\t\t<div class=\"elementor-gallery-item__overlay\"><\/div>\n\t\t\t\t\t\t\t\t\t\t\t\t\t\t<\/a>\n\t\t\t\t\t\t\t<a class=\"e-gallery-item elementor-gallery-item elementor-animated-content\" href=\"https:\/\/www.urresti.net\/wp-content\/uploads\/2020\/10\/habitacion-2-scaled.jpeg\" data-elementor-open-lightbox=\"yes\" data-elementor-lightbox-slideshow=\"all-612e36d\" data-elementor-lightbox-title=\"habitacion 2\">\n\t\t\t\t\t<div class=\"e-gallery-image elementor-gallery-item__image\" data-thumbnail=\"https:\/\/www.urresti.net\/wp-content\/uploads\/2020\/10\/habitacion-2-768x331.jpeg\" data-width=\"768\" data-height=\"331\" alt=\"habitacion\" ><\/div>\n\t\t\t\t\t\t\t\t\t\t<div class=\"elementor-gallery-item__overlay\"><\/div>\n\t\t\t\t\t\t\t\t\t\t\t\t\t\t<\/a>\n\t\t\t\t\t<\/div>\n\t\t\t<\/div>\n\t\t\t\t<\/div>\n\t\t\t\t<div class=\"elementor-element elementor-element-9d963fd elementor-align-center elementor-widget elementor-widget-button\" data-id=\"9d963fd\" data-element_type=\"widget\" data-widget_type=\"button.default\">\n\t\t\t\t<div class=\"elementor-widget-container\">\n\t\t\t\t\t<div class=\"elementor-button-wrapper\">\n\t\t\t<a href=\"https:\/\/www.urresti.net\/fr\/des-prix\/\" class=\"elementor-button-link elementor-button elementor-size-sm\" role=\"button\">\n\t\t\t\t\t\t<span class=\"elementor-button-content-wrapper\">\n\t\t\t\t\t\t<span class=\"elementor-button-icon elementor-align-icon-right\">\n\t\t\t\t<i aria-hidden=\"true\" class=\"fas fa-angle-right\"><\/i>\t\t\t<\/span>\n\t\t\t\t\t\t<span class=\"elementor-button-text\">Voir les prix<\/span>\n\t\t<\/span>\n\t\t\t\t\t<\/a>\n\t\t<\/div>\n\t\t\t\t<\/div>\n\t\t\t\t<\/div>\n\t\t\t\t\t\t<\/div>\n\t\t\t\t\t<\/div>\n\t\t<\/div>\n\t\t\t\t\t\t\t\t<\/div>\n\t\t\t\t\t<\/div>\n\t\t<\/section>\n\t\t\t\t\t\t<\/div>\n\t\t\t\t\t\t<\/div>\n\t\t\t\t\t<\/div>\n\t\t","protected":false},"excerpt":{"rendered":"<p>Urresti dispose de 6 chambres, elles sont \u00e9quip\u00e9es d&#8217;un lit double de 1,50, toutes avec salle de bain \u00e0 l&#8217;int\u00e9rieur, s\u00e8che-cheveux, TV et Wi-Fi gratuit. Dans deux d&#8217;entre eux, vous pouvez mettre un lit d&#8217;appoint. Toutes les chambres sont diff\u00e9rentes, chacune avec son propre charme. Voir les prix<\/p>\n","protected":false},"author":1,"featured_media":1233,"parent":0,"menu_order":0,"comment_status":"closed","ping_status":"open","template":"","meta":[],"yoast_head":"<!-- This site is optimized with the Yoast SEO plugin v15.2.1 - https:\/\/yoast.com\/wordpress\/plugins\/seo\/ -->\n<title>Pi\u00e8ces - Urresti<\/title>\n<meta name=\"robots\" content=\"index, follow, max-snippet:-1, max-image-preview:large, max-video-preview:-1\" \/>\n<link rel=\"canonical\" href=\"https:\/\/www.urresti.net\/fr\/pieces\/\" \/>\n<meta property=\"og:locale\" content=\"fr_FR\" \/>\n<meta property=\"og:type\" content=\"article\" \/>\n<meta property=\"og:title\" content=\"Pi\u00e8ces - Urresti\" \/>\n<meta property=\"og:description\" content=\"Urresti dispose de 6 chambres, elles sont \u00e9quip\u00e9es d&#8217;un lit double de 1,50, toutes avec salle de bain \u00e0 l&#8217;int\u00e9rieur, s\u00e8che-cheveux, TV et Wi-Fi gratuit. Dans deux d&#8217;entre eux, vous pouvez mettre un lit d&#8217;appoint. Toutes les chambres sont diff\u00e9rentes, chacune avec son propre charme. Voir les prix\" \/>\n<meta property=\"og:url\" content=\"https:\/\/www.urresti.net\/fr\/pieces\/\" \/>\n<meta property=\"og:site_name\" content=\"Urresti\" \/>\n<meta property=\"article:modified_time\" content=\"2020-11-16T17:40:41+00:00\" \/>\n<meta property=\"og:image\" content=\"https:\/\/www.urresti.net\/wp-content\/uploads\/2020\/11\/habitacion-triple-rotated-1.jpeg\" \/>\n\t<meta property=\"og:image:width\" content=\"2032\" \/>\n\t<meta property=\"og:image:height\" content=\"1200\" \/>\n<meta name=\"twitter:card\" content=\"summary_large_image\" \/>\n<meta name=\"twitter:label1\" content=\"\u00c9crit par\">\n\t<meta name=\"twitter:data1\" content=\"Marcos\">\n\t<meta name=\"twitter:label2\" content=\"Dur\u00e9e de lecture est.\">\n\t<meta name=\"twitter:data2\" content=\"0 minute\">\n<script type=\"application\/ld+json\" class=\"yoast-schema-graph\">{\"@context\":\"https:\/\/schema.org\",\"@graph\":[{\"@type\":\"WebSite\",\"@id\":\"https:\/\/www.urresti.net\/#website\",\"url\":\"https:\/\/www.urresti.net\/\",\"name\":\"Urresti\",\"description\":\"Casa Rural\",\"potentialAction\":[{\"@type\":\"SearchAction\",\"target\":\"https:\/\/www.urresti.net\/?s={search_term_string}\",\"query-input\":\"required name=search_term_string\"}],\"inLanguage\":\"fr-FR\"},{\"@type\":\"ImageObject\",\"@id\":\"https:\/\/www.urresti.net\/fr\/pieces\/#primaryimage\",\"inLanguage\":\"fr-FR\",\"url\":\"https:\/\/www.urresti.net\/wp-content\/uploads\/2020\/11\/habitacion-triple-rotated-1.jpeg\",\"width\":2032,\"height\":1200,\"caption\":\"habitacion-triple-rotated\"},{\"@type\":\"WebPage\",\"@id\":\"https:\/\/www.urresti.net\/fr\/pieces\/#webpage\",\"url\":\"https:\/\/www.urresti.net\/fr\/pieces\/\",\"name\":\"Pi\\u00e8ces - Urresti\",\"isPartOf\":{\"@id\":\"https:\/\/www.urresti.net\/#website\"},\"primaryImageOfPage\":{\"@id\":\"https:\/\/www.urresti.net\/fr\/pieces\/#primaryimage\"},\"datePublished\":\"2020-11-15T12:38:54+00:00\",\"dateModified\":\"2020-11-16T17:40:41+00:00\",\"inLanguage\":\"fr-FR\",\"potentialAction\":[{\"@type\":\"ReadAction\",\"target\":[\"https:\/\/www.urresti.net\/fr\/pieces\/\"]}]}]}<\/script>\n<!-- \/ Yoast SEO plugin. -->","_links":{"self":[{"href":"https:\/\/www.urresti.net\/fr\/wp-json\/wp\/v2\/pages\/796"}],"collection":[{"href":"https:\/\/www.urresti.net\/fr\/wp-json\/wp\/v2\/pages"}],"about":[{"href":"https:\/\/www.urresti.net\/fr\/wp-json\/wp\/v2\/types\/page"}],"author":[{"embeddable":true,"href":"https:\/\/www.urresti.net\/fr\/wp-json\/wp\/v2\/users\/1"}],"replies":[{"embeddable":true,"href":"https:\/\/www.urresti.net\/fr\/wp-json\/wp\/v2\/comments?post=796"}],"version-history":[{"count":6,"href":"https:\/\/www.urresti.net\/fr\/wp-json\/wp\/v2\/pages\/796\/revisions"}],"predecessor-version":[{"id":1267,"href":"https:\/\/www.urresti.net\/fr\/wp-json\/wp\/v2\/pages\/796\/revisions\/1267"}],"wp:featuredmedia":[{"embeddable":true,"href":"https:\/\/www.urresti.net\/fr\/wp-json\/wp\/v2\/media\/1233"}],"wp:attachment":[{"href":"https:\/\/www.urresti.net\/fr\/wp-json\/wp\/v2\/media?parent=796"}],"curies":[{"name":"wp","href":"https:\/\/api.w.org\/{rel}","templated":true}]}}