{"id":747,"date":"2020-11-15T13:59:12","date_gmt":"2020-11-15T11:59:12","guid":{"rendered":"http:\/\/urresto.cluster030.hosting.ovh.net\/appartements\/"},"modified":"2020-11-16T19:26:20","modified_gmt":"2020-11-16T17:26:20","slug":"appartements","status":"publish","type":"page","link":"https:\/\/www.urresti.net\/fr\/appartements\/","title":{"rendered":"Appartements"},"content":{"rendered":"\t\t<div data-elementor-type=\"wp-page\" data-elementor-id=\"747\" class=\"elementor elementor-747 elementor-17\" data-elementor-settings=\"[]\">\n\t\t\t\t\t\t<div class=\"elementor-inner\">\n\t\t\t\t\t\t\t<div class=\"elementor-section-wrap\">\n\t\t\t\t\t\t\t<section class=\"elementor-section elementor-top-section elementor-element elementor-element-b241677 elementor-section-boxed elementor-section-height-default elementor-section-height-default\" data-id=\"b241677\" data-element_type=\"section\">\n\t\t\t\t\t\t<div class=\"elementor-container elementor-column-gap-default\">\n\t\t\t\t\t\t\t<div class=\"elementor-row\">\n\t\t\t\t\t<div class=\"elementor-column elementor-col-100 elementor-top-column elementor-element elementor-element-42fe6702\" data-id=\"42fe6702\" data-element_type=\"column\">\n\t\t\t<div class=\"elementor-column-wrap elementor-element-populated\">\n\t\t\t\t\t\t\t<div class=\"elementor-widget-wrap\">\n\t\t\t\t\t\t<div class=\"elementor-element elementor-element-3ed135f4 elementor-widget elementor-widget-text-editor\" data-id=\"3ed135f4\" data-element_type=\"widget\" data-widget_type=\"text-editor.default\">\n\t\t\t\t<div class=\"elementor-widget-container\">\n\t\t\t\t\t<div class=\"elementor-text-editor elementor-clearfix\"><p>Nous avons 2 appartements confortables, BEKOZU et TXORITOKI, avec entr\u00e9e ind\u00e9pendante pour le reste des chambres.<\/p>\n<p>Chacun d&#8217;eux mesure 50 m\u00e8tres de long, r\u00e9partis sur deux \u00e9tages.<\/p>\n<p>Au rez-de-chauss\u00e9e, vous avez un salon \/ cuisine avec un canap\u00e9-lit 1,40 et la cuisine enti\u00e8rement \u00e9quip\u00e9e.<\/p>\n<p>\u00c0 l&#8217;\u00e9tage sup\u00e9rieur, il y a une chambre spacieuse avec un lit confortable de 1,50 et un espace pour mettre un lit d&#8217;appoint. La salle de bain avec cabine de douche hydromassante et s\u00e8che-cheveux.<\/p>\n<\/div>\n\t\t\t\t<\/div>\n\t\t\t\t<\/div>\n\t\t\t\t<div class=\"elementor-element elementor-element-5d39cf5 elementor-widget elementor-widget-heading\" data-id=\"5d39cf5\" data-element_type=\"widget\" data-widget_type=\"heading.default\">\n\t\t\t\t<div class=\"elementor-widget-container\">\n\t\t\t<h2 class=\"elementor-heading-title elementor-size-default\">Bekozu<\/h2>\t\t<\/div>\n\t\t\t\t<\/div>\n\t\t\t\t<div class=\"elementor-element elementor-element-4c0f8e3 elementor-widget elementor-widget-gallery\" data-id=\"4c0f8e3\" data-element_type=\"widget\" data-settings=\"{&quot;columns&quot;:3,&quot;gap&quot;:{&quot;unit&quot;:&quot;px&quot;,&quot;size&quot;:32,&quot;sizes&quot;:[]},&quot;lazyload&quot;:&quot;yes&quot;,&quot;gallery_layout&quot;:&quot;grid&quot;,&quot;columns_tablet&quot;:2,&quot;columns_mobile&quot;:1,&quot;gap_tablet&quot;:{&quot;unit&quot;:&quot;px&quot;,&quot;size&quot;:10,&quot;sizes&quot;:[]},&quot;gap_mobile&quot;:{&quot;unit&quot;:&quot;px&quot;,&quot;size&quot;:10,&quot;sizes&quot;:[]},&quot;link_to&quot;:&quot;file&quot;,&quot;aspect_ratio&quot;:&quot;3:2&quot;,&quot;overlay_background&quot;:&quot;yes&quot;,&quot;content_hover_animation&quot;:&quot;fade-in&quot;}\" data-widget_type=\"gallery.default\">\n\t\t\t\t<div class=\"elementor-widget-container\">\n\t\t\t\t\t<div class=\"elementor-gallery__container\">\n\t\t\t\t\t\t\t<a class=\"e-gallery-item elementor-gallery-item elementor-animated-content\" href=\"https:\/\/www.urresti.net\/wp-content\/uploads\/2020\/10\/bekozu-habitacion-rotated.jpeg\" data-elementor-open-lightbox=\"yes\" data-elementor-lightbox-slideshow=\"all-4c0f8e3\" data-elementor-lightbox-title=\"Habitaci\u00f3n - Apartamento Bekozu\">\n\t\t\t\t\t<div class=\"e-gallery-image elementor-gallery-item__image\" data-thumbnail=\"https:\/\/www.urresti.net\/wp-content\/uploads\/2020\/10\/bekozu-habitacion-768x495.jpeg\" data-width=\"768\" data-height=\"495\" alt=\"Habitaci\u00f3n - Apartamento Bekozu\" ><\/div>\n\t\t\t\t\t\t\t\t\t\t<div class=\"elementor-gallery-item__overlay\"><\/div>\n\t\t\t\t\t\t\t\t\t\t\t\t\t\t<\/a>\n\t\t\t\t\t\t\t<a class=\"e-gallery-item elementor-gallery-item elementor-animated-content\" href=\"https:\/\/www.urresti.net\/wp-content\/uploads\/2020\/10\/bekozu-salon-2-rotated.jpeg\" data-elementor-open-lightbox=\"yes\" data-elementor-lightbox-slideshow=\"all-4c0f8e3\" data-elementor-lightbox-title=\"Sal\u00f3n - Apartamento Bekozu\">\n\t\t\t\t\t<div class=\"e-gallery-image elementor-gallery-item__image\" data-thumbnail=\"https:\/\/www.urresti.net\/wp-content\/uploads\/2020\/10\/bekozu-salon-2-768x420.jpeg\" data-width=\"768\" data-height=\"420\" alt=\"Sal\u00f3n - Apartamento Bekozu\" ><\/div>\n\t\t\t\t\t\t\t\t\t\t<div class=\"elementor-gallery-item__overlay\"><\/div>\n\t\t\t\t\t\t\t\t\t\t\t\t\t\t<\/a>\n\t\t\t\t\t\t\t<a class=\"e-gallery-item elementor-gallery-item elementor-animated-content\" href=\"https:\/\/www.urresti.net\/wp-content\/uploads\/2020\/10\/apartamento-rotated.jpeg\" data-elementor-open-lightbox=\"yes\" data-elementor-lightbox-slideshow=\"all-4c0f8e3\" data-elementor-lightbox-title=\"Ba\u00f1o - Apartamento Bekozu\">\n\t\t\t\t\t<div class=\"e-gallery-image elementor-gallery-item__image\" data-thumbnail=\"https:\/\/www.urresti.net\/wp-content\/uploads\/2020\/10\/apartamento-768x778.jpeg\" data-width=\"768\" data-height=\"778\" alt=\"Ba\u00f1o - Apartamento Bekozu\" ><\/div>\n\t\t\t\t\t\t\t\t\t\t<div class=\"elementor-gallery-item__overlay\"><\/div>\n\t\t\t\t\t\t\t\t\t\t\t\t\t\t<\/a>\n\t\t\t\t\t\t\t<a class=\"e-gallery-item elementor-gallery-item elementor-animated-content\" href=\"https:\/\/www.urresti.net\/wp-content\/uploads\/2020\/10\/terraza-bekozu.jpg\" data-elementor-open-lightbox=\"yes\" data-elementor-lightbox-slideshow=\"all-4c0f8e3\" data-elementor-lightbox-title=\"Terraza - Apartamento Bekozu\">\n\t\t\t\t\t<div class=\"e-gallery-image elementor-gallery-item__image\" data-thumbnail=\"https:\/\/www.urresti.net\/wp-content\/uploads\/2020\/10\/terraza-bekozu-768x576.jpg\" data-width=\"768\" data-height=\"576\" alt=\"Terraza - Apartamento Bekozu\" ><\/div>\n\t\t\t\t\t\t\t\t\t\t<div class=\"elementor-gallery-item__overlay\"><\/div>\n\t\t\t\t\t\t\t\t\t\t\t\t\t\t<\/a>\n\t\t\t\t\t<\/div>\n\t\t\t<\/div>\n\t\t\t\t<\/div>\n\t\t\t\t<div class=\"elementor-element elementor-element-706c183 elementor-widget elementor-widget-heading\" data-id=\"706c183\" data-element_type=\"widget\" data-widget_type=\"heading.default\">\n\t\t\t\t<div class=\"elementor-widget-container\">\n\t\t\t<h2 class=\"elementor-heading-title elementor-size-default\">Txoritoki<\/h2>\t\t<\/div>\n\t\t\t\t<\/div>\n\t\t\t\t<div class=\"elementor-element elementor-element-4136abc elementor-widget elementor-widget-gallery\" data-id=\"4136abc\" data-element_type=\"widget\" data-settings=\"{&quot;columns&quot;:3,&quot;gap&quot;:{&quot;unit&quot;:&quot;px&quot;,&quot;size&quot;:32,&quot;sizes&quot;:[]},&quot;lazyload&quot;:&quot;yes&quot;,&quot;gallery_layout&quot;:&quot;grid&quot;,&quot;columns_tablet&quot;:2,&quot;columns_mobile&quot;:1,&quot;gap_tablet&quot;:{&quot;unit&quot;:&quot;px&quot;,&quot;size&quot;:10,&quot;sizes&quot;:[]},&quot;gap_mobile&quot;:{&quot;unit&quot;:&quot;px&quot;,&quot;size&quot;:10,&quot;sizes&quot;:[]},&quot;link_to&quot;:&quot;file&quot;,&quot;aspect_ratio&quot;:&quot;3:2&quot;,&quot;overlay_background&quot;:&quot;yes&quot;,&quot;content_hover_animation&quot;:&quot;fade-in&quot;}\" data-widget_type=\"gallery.default\">\n\t\t\t\t<div class=\"elementor-widget-container\">\n\t\t\t\t\t<div class=\"elementor-gallery__container\">\n\t\t\t\t\t\t\t<a class=\"e-gallery-item elementor-gallery-item elementor-animated-content\" href=\"https:\/\/www.urresti.net\/wp-content\/uploads\/2020\/10\/txoritoki-hbaitacion-1.jpeg\" data-elementor-open-lightbox=\"yes\" data-elementor-lightbox-slideshow=\"all-4136abc\" data-elementor-lightbox-title=\"Habitaci\u00f3n - Apartamento Txoritoki\">\n\t\t\t\t\t<div class=\"e-gallery-image elementor-gallery-item__image\" data-thumbnail=\"https:\/\/www.urresti.net\/wp-content\/uploads\/2020\/10\/txoritoki-hbaitacion-1-768x485.jpeg\" data-width=\"768\" data-height=\"485\" alt=\"Habitaci\u00f3n - Apartamento Txoritoki\" ><\/div>\n\t\t\t\t\t\t\t\t\t\t<div class=\"elementor-gallery-item__overlay\"><\/div>\n\t\t\t\t\t\t\t\t\t\t\t\t\t\t<\/a>\n\t\t\t\t\t\t\t<a class=\"e-gallery-item elementor-gallery-item elementor-animated-content\" href=\"https:\/\/www.urresti.net\/wp-content\/uploads\/2020\/10\/txoritoki-salon.jpeg\" data-elementor-open-lightbox=\"yes\" data-elementor-lightbox-slideshow=\"all-4136abc\" data-elementor-lightbox-title=\"Sal\u00f3n - Apartamento Txoritoki\">\n\t\t\t\t\t<div class=\"e-gallery-image elementor-gallery-item__image\" data-thumbnail=\"https:\/\/www.urresti.net\/wp-content\/uploads\/2020\/10\/txoritoki-salon-768x377.jpeg\" data-width=\"768\" data-height=\"377\" alt=\"Sal\u00f3n - Apartamento Txoritoki\" ><\/div>\n\t\t\t\t\t\t\t\t\t\t<div class=\"elementor-gallery-item__overlay\"><\/div>\n\t\t\t\t\t\t\t\t\t\t\t\t\t\t<\/a>\n\t\t\t\t\t\t\t<a class=\"e-gallery-item elementor-gallery-item elementor-animated-content\" href=\"https:\/\/www.urresti.net\/wp-content\/uploads\/2020\/10\/ban\u0303o-del-apartamento-txoritoki.jpg\" data-elementor-open-lightbox=\"yes\" data-elementor-lightbox-slideshow=\"all-4136abc\" data-elementor-lightbox-title=\"Ba\u00f1o  - Apartamento Txoritoki\">\n\t\t\t\t\t<div class=\"e-gallery-image elementor-gallery-item__image\" data-thumbnail=\"https:\/\/www.urresti.net\/wp-content\/uploads\/2020\/10\/ban\u0303o-del-apartamento-txoritoki-768x480.jpg\" data-width=\"768\" data-height=\"480\" alt=\"Ba\u00f1o - Apartamento Txoritoki\" ><\/div>\n\t\t\t\t\t\t\t\t\t\t<div class=\"elementor-gallery-item__overlay\"><\/div>\n\t\t\t\t\t\t\t\t\t\t\t\t\t\t<\/a>\n\t\t\t\t\t\t\t<a class=\"e-gallery-item elementor-gallery-item elementor-animated-content\" href=\"https:\/\/www.urresti.net\/wp-content\/uploads\/2020\/10\/exterior-txoritoki.jpg\" data-elementor-open-lightbox=\"yes\" data-elementor-lightbox-slideshow=\"all-4136abc\" data-elementor-lightbox-title=\"Terraza  - Apartamento Txoritoki\">\n\t\t\t\t\t<div class=\"e-gallery-image elementor-gallery-item__image\" data-thumbnail=\"https:\/\/www.urresti.net\/wp-content\/uploads\/2020\/10\/exterior-txoritoki-768x576.jpg\" data-width=\"768\" data-height=\"576\" alt=\"Terraza - Apartamento Txoritoki\" ><\/div>\n\t\t\t\t\t\t\t\t\t\t<div class=\"elementor-gallery-item__overlay\"><\/div>\n\t\t\t\t\t\t\t\t\t\t\t\t\t\t<\/a>\n\t\t\t\t\t<\/div>\n\t\t\t<\/div>\n\t\t\t\t<\/div>\n\t\t\t\t<div class=\"elementor-element elementor-element-e73baf7 elementor-align-center elementor-widget elementor-widget-button\" data-id=\"e73baf7\" data-element_type=\"widget\" data-widget_type=\"button.default\">\n\t\t\t\t<div class=\"elementor-widget-container\">\n\t\t\t\t\t<div class=\"elementor-button-wrapper\">\n\t\t\t<a href=\"https:\/\/www.urresti.net\/precios\/\" class=\"elementor-button-link elementor-button elementor-size-sm\" role=\"button\">\n\t\t\t\t\t\t<span class=\"elementor-button-content-wrapper\">\n\t\t\t\t\t\t<span class=\"elementor-button-icon elementor-align-icon-right\">\n\t\t\t\t<i aria-hidden=\"true\" class=\"fas fa-angle-right\"><\/i>\t\t\t<\/span>\n\t\t\t\t\t\t<span class=\"elementor-button-text\">Voir les prix<\/span>\n\t\t<\/span>\n\t\t\t\t\t<\/a>\n\t\t<\/div>\n\t\t\t\t<\/div>\n\t\t\t\t<\/div>\n\t\t\t\t\t\t<\/div>\n\t\t\t\t\t<\/div>\n\t\t<\/div>\n\t\t\t\t\t\t\t\t<\/div>\n\t\t\t\t\t<\/div>\n\t\t<\/section>\n\t\t\t\t\t\t<\/div>\n\t\t\t\t\t\t<\/div>\n\t\t\t\t\t<\/div>\n\t\t","protected":false},"excerpt":{"rendered":"<p>Nous avons 2 appartements confortables, BEKOZU et TXORITOKI, avec entr\u00e9e ind\u00e9pendante pour le reste des chambres. Chacun d&#8217;eux mesure 50 m\u00e8tres de long, r\u00e9partis sur deux \u00e9tages. Au rez-de-chauss\u00e9e, vous avez un salon \/ cuisine avec un canap\u00e9-lit 1,40 et la cuisine enti\u00e8rement \u00e9quip\u00e9e. \u00c0 l&#8217;\u00e9tage sup\u00e9rieur, il y a une chambre spacieuse avec un &#8230; <a title=\"Appartements\" class=\"read-more\" href=\"https:\/\/www.urresti.net\/fr\/appartements\/\">Lire la suite <span class=\"screen-reader-text\">Appartements<\/span><\/a><\/p>\n","protected":false},"author":1,"featured_media":1233,"parent":0,"menu_order":0,"comment_status":"closed","ping_status":"open","template":"","meta":[],"yoast_head":"<!-- This site is optimized with the Yoast SEO plugin v15.2.1 - https:\/\/yoast.com\/wordpress\/plugins\/seo\/ -->\n<title>Appartements - Urresti<\/title>\n<meta name=\"robots\" content=\"index, follow, max-snippet:-1, max-image-preview:large, max-video-preview:-1\" \/>\n<link rel=\"canonical\" href=\"https:\/\/www.urresti.net\/fr\/appartements\/\" \/>\n<meta property=\"og:locale\" content=\"fr_FR\" \/>\n<meta property=\"og:type\" content=\"article\" \/>\n<meta property=\"og:title\" content=\"Appartements - Urresti\" \/>\n<meta property=\"og:description\" content=\"Nous avons 2 appartements confortables, BEKOZU et TXORITOKI, avec entr\u00e9e ind\u00e9pendante pour le reste des chambres. Chacun d&#8217;eux mesure 50 m\u00e8tres de long, r\u00e9partis sur deux \u00e9tages. Au rez-de-chauss\u00e9e, vous avez un salon \/ cuisine avec un canap\u00e9-lit 1,40 et la cuisine enti\u00e8rement \u00e9quip\u00e9e. \u00c0 l&#8217;\u00e9tage sup\u00e9rieur, il y a une chambre spacieuse avec un ... Lire la suite Appartements\" \/>\n<meta property=\"og:url\" content=\"https:\/\/www.urresti.net\/fr\/appartements\/\" \/>\n<meta property=\"og:site_name\" content=\"Urresti\" \/>\n<meta property=\"article:modified_time\" content=\"2020-11-16T17:26:20+00:00\" \/>\n<meta property=\"og:image\" content=\"https:\/\/www.urresti.net\/wp-content\/uploads\/2020\/11\/habitacion-triple-rotated-1.jpeg\" \/>\n\t<meta property=\"og:image:width\" content=\"2032\" \/>\n\t<meta property=\"og:image:height\" content=\"1200\" \/>\n<meta name=\"twitter:card\" content=\"summary_large_image\" \/>\n<meta name=\"twitter:label1\" content=\"\u00c9crit par\">\n\t<meta name=\"twitter:data1\" content=\"Marcos\">\n\t<meta name=\"twitter:label2\" content=\"Dur\u00e9e de lecture est.\">\n\t<meta name=\"twitter:data2\" content=\"0 minute\">\n<script type=\"application\/ld+json\" class=\"yoast-schema-graph\">{\"@context\":\"https:\/\/schema.org\",\"@graph\":[{\"@type\":\"WebSite\",\"@id\":\"https:\/\/www.urresti.net\/#website\",\"url\":\"https:\/\/www.urresti.net\/\",\"name\":\"Urresti\",\"description\":\"Casa Rural\",\"potentialAction\":[{\"@type\":\"SearchAction\",\"target\":\"https:\/\/www.urresti.net\/?s={search_term_string}\",\"query-input\":\"required name=search_term_string\"}],\"inLanguage\":\"fr-FR\"},{\"@type\":\"ImageObject\",\"@id\":\"https:\/\/www.urresti.net\/fr\/appartements\/#primaryimage\",\"inLanguage\":\"fr-FR\",\"url\":\"https:\/\/www.urresti.net\/wp-content\/uploads\/2020\/11\/habitacion-triple-rotated-1.jpeg\",\"width\":2032,\"height\":1200,\"caption\":\"habitacion-triple-rotated\"},{\"@type\":\"WebPage\",\"@id\":\"https:\/\/www.urresti.net\/fr\/appartements\/#webpage\",\"url\":\"https:\/\/www.urresti.net\/fr\/appartements\/\",\"name\":\"Appartements - Urresti\",\"isPartOf\":{\"@id\":\"https:\/\/www.urresti.net\/#website\"},\"primaryImageOfPage\":{\"@id\":\"https:\/\/www.urresti.net\/fr\/appartements\/#primaryimage\"},\"datePublished\":\"2020-11-15T11:59:12+00:00\",\"dateModified\":\"2020-11-16T17:26:20+00:00\",\"inLanguage\":\"fr-FR\",\"potentialAction\":[{\"@type\":\"ReadAction\",\"target\":[\"https:\/\/www.urresti.net\/fr\/appartements\/\"]}]}]}<\/script>\n<!-- \/ Yoast SEO plugin. -->","_links":{"self":[{"href":"https:\/\/www.urresti.net\/fr\/wp-json\/wp\/v2\/pages\/747"}],"collection":[{"href":"https:\/\/www.urresti.net\/fr\/wp-json\/wp\/v2\/pages"}],"about":[{"href":"https:\/\/www.urresti.net\/fr\/wp-json\/wp\/v2\/types\/page"}],"author":[{"embeddable":true,"href":"https:\/\/www.urresti.net\/fr\/wp-json\/wp\/v2\/users\/1"}],"replies":[{"embeddable":true,"href":"https:\/\/www.urresti.net\/fr\/wp-json\/wp\/v2\/comments?post=747"}],"version-history":[{"count":2,"href":"https:\/\/www.urresti.net\/fr\/wp-json\/wp\/v2\/pages\/747\/revisions"}],"predecessor-version":[{"id":1238,"href":"https:\/\/www.urresti.net\/fr\/wp-json\/wp\/v2\/pages\/747\/revisions\/1238"}],"wp:featuredmedia":[{"embeddable":true,"href":"https:\/\/www.urresti.net\/fr\/wp-json\/wp\/v2\/media\/1233"}],"wp:attachment":[{"href":"https:\/\/www.urresti.net\/fr\/wp-json\/wp\/v2\/media?parent=747"}],"curies":[{"name":"wp","href":"https:\/\/api.w.org\/{rel}","templated":true}]}}