{"id":1031,"date":"2020-11-15T19:13:16","date_gmt":"2020-11-15T17:13:16","guid":{"rendered":"http:\/\/urresto.cluster030.hosting.ovh.net\/des-prix\/"},"modified":"2025-01-02T19:37:33","modified_gmt":"2025-01-02T17:37:33","slug":"des-prix","status":"publish","type":"page","link":"https:\/\/www.urresti.net\/fr\/des-prix\/","title":{"rendered":"Des prix"},"content":{"rendered":"\t\t<div data-elementor-type=\"wp-page\" data-elementor-id=\"1031\" class=\"elementor elementor-1031 elementor-26\" data-elementor-settings=\"[]\">\n\t\t\t\t\t\t<div class=\"elementor-inner\">\n\t\t\t\t\t\t\t<div class=\"elementor-section-wrap\">\n\t\t\t\t\t\t\t<section class=\"elementor-section elementor-top-section elementor-element elementor-element-482d8f2d elementor-section-boxed elementor-section-height-default elementor-section-height-default\" data-id=\"482d8f2d\" data-element_type=\"section\">\n\t\t\t\t\t\t<div class=\"elementor-container elementor-column-gap-default\">\n\t\t\t\t\t\t\t<div class=\"elementor-row\">\n\t\t\t\t\t<div class=\"elementor-column elementor-col-100 elementor-top-column elementor-element elementor-element-35fda0c0\" data-id=\"35fda0c0\" data-element_type=\"column\">\n\t\t\t<div class=\"elementor-column-wrap elementor-element-populated\">\n\t\t\t\t\t\t\t<div class=\"elementor-widget-wrap\">\n\t\t\t\t\t\t<div class=\"elementor-element elementor-element-a70b14d pp-table-center elementor-widget elementor-widget-pp-table\" data-id=\"a70b14d\" data-element_type=\"widget\" data-settings=\"{&quot;table_type&quot;:&quot;responsive&quot;}\" data-widget_type=\"pp-table.default\">\n\t\t\t\t<div class=\"elementor-widget-container\">\n\t\t\t\t\t<div class=\"pp-table-container\">\n\t\t\t<table class=\"pp-table tablesaw\" data-tablesaw-mode=\"stack\">\n\t\t\t\t\t\t\t<colgroup>\n\t\t\t\t\t\t\t\t<col\n\t\t\t\t\tspan=\"1\"\n\t\t\t\t\tclass=\"elementor-repeater-item-54304f7\"\n\t\t\t\t\t\t\t\t\t\t\tstyle=\"\n\t\t\t\t\t\t\t\t\t\t\t\t\t\t\t\t\t\t\t\t\"\n\t\t\t\t\t\t\t\t\t\t>\n\t\t\t\t\t\t\t<\/colgroup>\n\t\t\t\t\t<thead>\n\t\t\t<tr class=\"pp-table-row\">\n\t\t\t\t<th class=\"pp-table-cell pp-table-cell-3f0d1e0\"><span class=\"pp-table-cell-content\"><span class=\"pp-table-cell-text\">Temporada<\/span><\/span><\/th><th class=\"pp-table-cell pp-table-cell-f77dd0d\"><span class=\"pp-table-cell-content\"><span class=\"pp-table-cell-text\">Baja<\/span><\/span><\/th><th class=\"pp-table-cell pp-table-cell-cb8bfa0\"><span class=\"pp-table-cell-content\"><span class=\"pp-table-cell-text\">Media<\/span><\/span><\/th><th class=\"pp-table-cell pp-table-cell-46be7ba\"><span class=\"pp-table-cell-content\"><span class=\"pp-table-cell-text\">Alta<\/span><\/span><\/th><th class=\"pp-table-cell pp-table-cell-526c5fc\"><span class=\"pp-table-cell-content\"><span class=\"pp-table-cell-text\">Especial<\/span><\/span><\/th>\t\t\t<\/tr>\n\t\t<\/thead>\n\t\t\t\t<tfoot>\n\t\t\t<\/tr>\t\t<\/tfoot>\n\t\t\t\t<tbody>\n\t\t\t<tr ><td class=\"pp-table-cell pp-table-cell-916817f\"><span class=\"pp-table-cell-content\"><span class=\"pp-table-cell-text\">Chambre double<\/span><\/span><\/td><td class=\"pp-table-cell pp-table-cell-73d9e28\"><span class=\"pp-table-cell-content\"><span class=\"pp-table-cell-text\">80\u20ac<\/span><\/span><\/td><td class=\"pp-table-cell pp-table-cell-bed480b\"><span class=\"pp-table-cell-content\"><span class=\"pp-table-cell-text\">85\u20ac<\/span><\/span><\/td><td class=\"pp-table-cell pp-table-cell-98e3983\"><span class=\"pp-table-cell-content\"><span class=\"pp-table-cell-text\">90\u20ac<\/span><\/span><\/td><td class=\"pp-table-cell pp-table-cell-2a5b45e\"><span class=\"pp-table-cell-content\"><span class=\"pp-table-cell-text\">105\u20ac<\/span><\/span><\/td><\/tr><tr ><td class=\"pp-table-cell pp-table-cell-28ac374\"><span class=\"pp-table-cell-content\"><span class=\"pp-table-cell-text\">Appartement 2 pax<\/span><\/span><\/td><td class=\"pp-table-cell pp-table-cell-a51c357\"><span class=\"pp-table-cell-content\"><span class=\"pp-table-cell-text\">110\u20ac<\/span><\/span><\/td><td class=\"pp-table-cell pp-table-cell-1eaf8d2\"><span class=\"pp-table-cell-content\"><span class=\"pp-table-cell-text\">115\u20ac<\/span><\/span><\/td><td class=\"pp-table-cell pp-table-cell-f31f4bf\"><span class=\"pp-table-cell-content\"><span class=\"pp-table-cell-text\">120\u20ac<\/span><\/span><\/td><td class=\"pp-table-cell pp-table-cell-5c54764\"><span class=\"pp-table-cell-content\"><span class=\"pp-table-cell-text\">140\u20ac<\/span><\/span><\/td><\/tr><tr ><td class=\"pp-table-cell pp-table-cell-9ff4eb3\"><span class=\"pp-table-cell-content\"><span class=\"pp-table-cell-text\">Appartement 3 pax<\/span><\/span><\/td><td class=\"pp-table-cell pp-table-cell-8005cd6\"><span class=\"pp-table-cell-content\"><span class=\"pp-table-cell-text\">130\u20ac<\/span><\/span><\/td><td class=\"pp-table-cell pp-table-cell-72113b1\"><span class=\"pp-table-cell-content\"><span class=\"pp-table-cell-text\">135\u20ac<\/span><\/span><\/td><td class=\"pp-table-cell pp-table-cell-18c87af\"><span class=\"pp-table-cell-content\"><span class=\"pp-table-cell-text\">140\u20ac<\/span><\/span><\/td><td class=\"pp-table-cell pp-table-cell-e10aa6d\"><span class=\"pp-table-cell-content\"><span class=\"pp-table-cell-text\">160\u20ac<\/span><\/span><\/td><\/tr><tr ><td class=\"pp-table-cell pp-table-cell-07128cd\"><span class=\"pp-table-cell-content\"><span class=\"pp-table-cell-text\">Appartement 4 pax<\/span><\/span><\/td><td class=\"pp-table-cell pp-table-cell-0abc2b5\"><span class=\"pp-table-cell-content\"><span class=\"pp-table-cell-text\">140\u20ac<\/span><\/span><\/td><td class=\"pp-table-cell pp-table-cell-552d2c4\"><span class=\"pp-table-cell-content\"><span class=\"pp-table-cell-text\">145\u20ac<\/span><\/span><\/td><td class=\"pp-table-cell pp-table-cell-d7c9510\"><span class=\"pp-table-cell-content\"><span class=\"pp-table-cell-text\">150\u20ac<\/span><\/span><\/td><td class=\"pp-table-cell pp-table-cell-d4832ca\"><span class=\"pp-table-cell-content\"><span class=\"pp-table-cell-text\">170\u20ac<\/span><\/span><\/td><\/tr>\t\t<\/tbody>\n\t\t\t\t\t<\/table>\n\t\t<\/div>\n\t\t\t\t<\/div>\n\t\t\t\t<\/div>\n\t\t\t\t<div class=\"elementor-element elementor-element-05f1764 elementor-widget elementor-widget-heading\" data-id=\"05f1764\" data-element_type=\"widget\" data-widget_type=\"heading.default\">\n\t\t\t\t<div class=\"elementor-widget-container\">\n\t\t\t<p class=\"elementor-heading-title elementor-size-default\">Nous vous recommandons d'appeler \u00e0 l'avance pour conna\u00eetre les offres en cours:<\/p>\t\t<\/div>\n\t\t\t\t<\/div>\n\t\t\t\t<div class=\"elementor-element elementor-element-2cf2a83 elementor-widget elementor-widget-heading\" data-id=\"2cf2a83\" data-element_type=\"widget\" data-widget_type=\"heading.default\">\n\t\t\t\t<div class=\"elementor-widget-container\">\n\t\t\t<span class=\"elementor-heading-title elementor-size-default\">cliquez sur le t\u00e9l\u00e9phone pour appeler directement<\/span>\t\t<\/div>\n\t\t\t\t<\/div>\n\t\t\t\t<div class=\"elementor-element elementor-element-d17bd72 pp-icon-list-inline pp-icon-left elementor-widget elementor-widget-pp-icon-list\" data-id=\"d17bd72\" data-element_type=\"widget\" data-widget_type=\"pp-icon-list.default\">\n\t\t\t\t<div class=\"elementor-widget-container\">\n\t\t\t\t\t<div class=\"pp-list-container\">\n\t\t\t<ul class=\"pp-list-items pp-inline-items\">\n\t\t\t\t\t\t\t\t\t\t\t\t\t\t\t\t\t\t\t\t\t<li class=\"pp-icon-list-item\">\n\t\t\t\t\t\t\t<a href=\"tel:946251843\">\t\t\t<span class=\"pp-icon-wrapper\">\n\t\t\t\t<span class=\"pp-icon-list-icon pp-icon \"><i aria-hidden=\"true\" class=\"fas fa-phone-alt\"><\/i><\/span>\t\t\t<\/span>\n\t\t\t<span class=\"pp-icon-list-text\">946.251.843<\/span><\/a>\t\t\t\t\t\t<\/li>\n\t\t\t\t\t\t\t\t\t\t\t\t\t\t\t\t\t\t\t\t\t\t\t\t\t\t\t<li class=\"pp-icon-list-item\">\n\t\t\t\t\t\t\t<a href=\"tel:+34629241144\">\t\t\t<span class=\"pp-icon-wrapper\">\n\t\t\t\t<span class=\"pp-icon-list-icon pp-icon \"><i aria-hidden=\"true\" class=\"fas fa-phone-alt\"><\/i><\/span>\t\t\t<\/span>\n\t\t\t<span class=\"pp-icon-list-text\">629.241.144<\/span><\/a>\t\t\t\t\t\t<\/li>\n\t\t\t\t\t\t\t\t\t\t\t\t\t<\/ul>\n\t\t<\/div>\n\t\t\t\t<\/div>\n\t\t\t\t<\/div>\n\t\t\t\t<div class=\"elementor-element elementor-element-1e26caf elementor-align-center elementor-widget elementor-widget-button\" data-id=\"1e26caf\" data-element_type=\"widget\" id=\"btnreserva\" data-widget_type=\"button.default\">\n\t\t\t\t<div class=\"elementor-widget-container\">\n\t\t\t\t\t<div class=\"elementor-button-wrapper\">\n\t\t\t<a href=\"https:\/\/www.nekatur.net\/motor_reservas\/urresti?lang=fr-FR\" target=\"_blank\" rel=\"nofollow\" class=\"elementor-button-link elementor-button elementor-size-sm\" role=\"button\">\n\t\t\t\t\t\t<span class=\"elementor-button-content-wrapper\">\n\t\t\t\t\t\t<span class=\"elementor-button-icon elementor-align-icon-right\">\n\t\t\t\t<i aria-hidden=\"true\" class=\"fas fa-angle-right\"><\/i>\t\t\t<\/span>\n\t\t\t\t\t\t<span class=\"elementor-button-text\">Reserver<\/span>\n\t\t<\/span>\n\t\t\t\t\t<\/a>\n\t\t<\/div>\n\t\t\t\t<\/div>\n\t\t\t\t<\/div>\n\t\t\t\t<div class=\"elementor-element elementor-element-6e8a66c1 elementor-widget elementor-widget-text-editor\" data-id=\"6e8a66c1\" data-element_type=\"widget\" data-widget_type=\"text-editor.default\">\n\t\t\t\t<div class=\"elementor-widget-container\">\n\t\t\t\t\t<div class=\"elementor-text-editor elementor-clearfix\"><p>Prix \u200b\u200bTTC pour l&#8217;ann\u00e9e 2025.<\/p><p>Lit suppl\u00e9mentaire 15 \u20ac &#8211; 20 \u20ac.<\/p><p>Petit d\u00e9jeuner toute l&#8217;ann\u00e9e 5,00 \u20ac ou 7,00 \u20ac selon le type de petit d\u00e9jeuner.<\/p><p>Droit \u00e0 la cuisine 3,50 \u20ac \/ personne et jour.<\/p><p>Wifi gratuit.<\/p><p>V\u00e9rifiez les saisons dans l&#8217;h\u00e9bergement.<\/p><\/div>\n\t\t\t\t<\/div>\n\t\t\t\t<\/div>\n\t\t\t\t\t\t<\/div>\n\t\t\t\t\t<\/div>\n\t\t<\/div>\n\t\t\t\t\t\t\t\t<\/div>\n\t\t\t\t\t<\/div>\n\t\t<\/section>\n\t\t\t\t\t\t<\/div>\n\t\t\t\t\t\t<\/div>\n\t\t\t\t\t<\/div>\n\t\t","protected":false},"excerpt":{"rendered":"<p>Temporada Baja Media Alta Especial Chambre double 80\u20ac 85\u20ac 90\u20ac 105\u20ac Appartement 2 pax 110\u20ac 115\u20ac 120\u20ac 140\u20ac Appartement 3 pax 130\u20ac 135\u20ac 140\u20ac 160\u20ac Appartement 4 pax 140\u20ac 145\u20ac 150\u20ac 170\u20ac Nous vous recommandons d&#8217;appeler \u00e0 l&#8217;avance pour conna\u00eetre les offres en cours: cliquez sur le t\u00e9l\u00e9phone pour appeler directement 946.251.843 629.241.144 Reserver Prix &#8230; <a title=\"Des prix\" class=\"read-more\" href=\"https:\/\/www.urresti.net\/fr\/des-prix\/\">Lire la suite <span class=\"screen-reader-text\">Des prix<\/span><\/a><\/p>\n","protected":false},"author":1,"featured_media":908,"parent":0,"menu_order":0,"comment_status":"closed","ping_status":"open","template":"","meta":[],"yoast_head":"<!-- This site is optimized with the Yoast SEO plugin v15.2.1 - https:\/\/yoast.com\/wordpress\/plugins\/seo\/ -->\n<title>Des prix - Urresti<\/title>\n<meta name=\"robots\" content=\"index, follow, max-snippet:-1, max-image-preview:large, max-video-preview:-1\" \/>\n<link rel=\"canonical\" href=\"https:\/\/www.urresti.net\/fr\/des-prix\/\" \/>\n<meta property=\"og:locale\" content=\"fr_FR\" \/>\n<meta property=\"og:type\" content=\"article\" \/>\n<meta property=\"og:title\" content=\"Des prix - Urresti\" \/>\n<meta property=\"og:description\" content=\"Temporada Baja Media Alta Especial Chambre double 80\u20ac 85\u20ac 90\u20ac 105\u20ac Appartement 2 pax 110\u20ac 115\u20ac 120\u20ac 140\u20ac Appartement 3 pax 130\u20ac 135\u20ac 140\u20ac 160\u20ac Appartement 4 pax 140\u20ac 145\u20ac 150\u20ac 170\u20ac Nous vous recommandons d&#8217;appeler \u00e0 l&#8217;avance pour conna\u00eetre les offres en cours: cliquez sur le t\u00e9l\u00e9phone pour appeler directement 946.251.843 629.241.144 Reserver Prix ... Lire la suite Des prix\" \/>\n<meta property=\"og:url\" content=\"https:\/\/www.urresti.net\/fr\/des-prix\/\" \/>\n<meta property=\"og:site_name\" content=\"Urresti\" \/>\n<meta property=\"article:modified_time\" content=\"2025-01-02T17:37:33+00:00\" \/>\n<meta property=\"og:image\" content=\"https:\/\/www.urresti.net\/wp-content\/uploads\/2020\/10\/urresti-lateral.jpeg\" \/>\n\t<meta property=\"og:image:width\" content=\"1400\" \/>\n\t<meta property=\"og:image:height\" content=\"765\" \/>\n<meta name=\"twitter:card\" content=\"summary_large_image\" \/>\n<meta name=\"twitter:label1\" content=\"\u00c9crit par\">\n\t<meta name=\"twitter:data1\" content=\"Marcos\">\n\t<meta name=\"twitter:label2\" content=\"Dur\u00e9e de lecture est.\">\n\t<meta name=\"twitter:data2\" content=\"0 minute\">\n<script type=\"application\/ld+json\" class=\"yoast-schema-graph\">{\"@context\":\"https:\/\/schema.org\",\"@graph\":[{\"@type\":\"WebSite\",\"@id\":\"https:\/\/www.urresti.net\/#website\",\"url\":\"https:\/\/www.urresti.net\/\",\"name\":\"Urresti\",\"description\":\"Casa Rural\",\"potentialAction\":[{\"@type\":\"SearchAction\",\"target\":\"https:\/\/www.urresti.net\/?s={search_term_string}\",\"query-input\":\"required name=search_term_string\"}],\"inLanguage\":\"fr-FR\"},{\"@type\":\"ImageObject\",\"@id\":\"https:\/\/www.urresti.net\/fr\/des-prix\/#primaryimage\",\"inLanguage\":\"fr-FR\",\"url\":\"https:\/\/www.urresti.net\/wp-content\/uploads\/2020\/10\/urresti-lateral.jpeg\",\"width\":1400,\"height\":765},{\"@type\":\"WebPage\",\"@id\":\"https:\/\/www.urresti.net\/fr\/des-prix\/#webpage\",\"url\":\"https:\/\/www.urresti.net\/fr\/des-prix\/\",\"name\":\"Des prix - Urresti\",\"isPartOf\":{\"@id\":\"https:\/\/www.urresti.net\/#website\"},\"primaryImageOfPage\":{\"@id\":\"https:\/\/www.urresti.net\/fr\/des-prix\/#primaryimage\"},\"datePublished\":\"2020-11-15T17:13:16+00:00\",\"dateModified\":\"2025-01-02T17:37:33+00:00\",\"inLanguage\":\"fr-FR\",\"potentialAction\":[{\"@type\":\"ReadAction\",\"target\":[\"https:\/\/www.urresti.net\/fr\/des-prix\/\"]}]}]}<\/script>\n<!-- \/ Yoast SEO plugin. -->","_links":{"self":[{"href":"https:\/\/www.urresti.net\/fr\/wp-json\/wp\/v2\/pages\/1031"}],"collection":[{"href":"https:\/\/www.urresti.net\/fr\/wp-json\/wp\/v2\/pages"}],"about":[{"href":"https:\/\/www.urresti.net\/fr\/wp-json\/wp\/v2\/types\/page"}],"author":[{"embeddable":true,"href":"https:\/\/www.urresti.net\/fr\/wp-json\/wp\/v2\/users\/1"}],"replies":[{"embeddable":true,"href":"https:\/\/www.urresti.net\/fr\/wp-json\/wp\/v2\/comments?post=1031"}],"version-history":[{"count":13,"href":"https:\/\/www.urresti.net\/fr\/wp-json\/wp\/v2\/pages\/1031\/revisions"}],"predecessor-version":[{"id":1494,"href":"https:\/\/www.urresti.net\/fr\/wp-json\/wp\/v2\/pages\/1031\/revisions\/1494"}],"wp:featuredmedia":[{"embeddable":true,"href":"https:\/\/www.urresti.net\/fr\/wp-json\/wp\/v2\/media\/908"}],"wp:attachment":[{"href":"https:\/\/www.urresti.net\/fr\/wp-json\/wp\/v2\/media?parent=1031"}],"curies":[{"name":"wp","href":"https:\/\/api.w.org\/{rel}","templated":true}]}}